{"id":1443,"date":"2018-12-27T17:56:41","date_gmt":"2018-12-27T16:56:41","guid":{"rendered":"http:\/\/r2docuo.com\/es\/?page_id=1443"},"modified":"2023-06-15T12:17:42","modified_gmt":"2023-06-15T11:17:42","slug":"descargando","status":"publish","type":"page","link":"https:\/\/www.r2docuo.com\/es\/descargar\/descargando","title":{"rendered":"Descargar &#8211; Progreso &#8211; Descargando"},"content":{"rendered":"<p style=\"text-align: center;\">La descarga de Docuo para Windows se iniciar\u00e1 autom\u00e1ticamente en unos segundos.<\/p>\n<p style=\"text-align: center;\">Si no es as\u00ed <a id=\"dwnldlink\" rel=\"nofollow noopener\" href=\"#\">haz clic aqu\u00ed<\/a> para iniciar la descarga manualmente.<\/p>\n<p style=\"text-align: center;\"><a href=\"https:\/\/www.r2docuo.com\/es\/wp-content\/uploads\/sites\/3\/2022\/07\/download_windows.png\"><img loading=\"lazy\" decoding=\"async\" class=\"aligncenter size-full wp-image-4143\" src=\"https:\/\/www.r2docuo.com\/es\/wp-content\/uploads\/sites\/3\/2022\/07\/download_windows.png\" alt=\"\" width=\"200\" height=\"200\" srcset=\"https:\/\/www.r2docuo.com\/es\/wp-content\/uploads\/sites\/3\/2022\/07\/download_windows.png 200w, https:\/\/www.r2docuo.com\/es\/wp-content\/uploads\/sites\/3\/2022\/07\/download_windows-150x150.png 150w\" sizes=\"auto, (max-width: 200px) 100vw, 200px\" \/><\/a><\/p>\n<p style=\"text-align: center;\">Cuando la descarga haya finalizado ejecuta el instalador de Docuo.<\/p>\n<p style=\"text-align: center;\">Deber\u00e1s proporcionar el identificador de tu repositorio durante la instalaci\u00f3n.<\/p>\n","protected":false},"excerpt":{"rendered":"<p>La descarga de Docuo para Windows se iniciar\u00e1 autom\u00e1ticamente en unos segundos. Si no es as\u00ed haz clic aqu\u00ed para iniciar la descarga manualmente. Cuando la descarga haya finalizado ejecuta el instalador de Docuo. Deber\u00e1s proporcionar el identificador de tu repositorio durante la instalaci\u00f3n.<\/p>\n","protected":false},"author":2,"featured_media":0,"parent":16,"menu_order":100,"comment_status":"closed","ping_status":"closed","template":"page-download_script.php","meta":{"_acf_changed":false,"inline_featured_image":false,"footnotes":""},"class_list":["post-1443","page","type-page","status-publish","hentry"],"acf":[],"yoast_head":"<!-- This site is optimized with the Yoast SEO Premium plugin v27.2 (Yoast SEO v27.3) - https:\/\/yoast.com\/product\/yoast-seo-premium-wordpress\/ -->\n<title>Descargar - Progreso - Descargando - R2 Docuo<\/title>\n<meta name=\"robots\" content=\"noindex, follow\" \/>\n<meta property=\"og:locale\" content=\"es_ES\" \/>\n<meta property=\"og:type\" content=\"article\" \/>\n<meta property=\"og:title\" content=\"Descargar - Progreso - Descargando\" \/>\n<meta property=\"og:description\" content=\"La descarga de Docuo para Windows se iniciar\u00e1 autom\u00e1ticamente en unos segundos. Si no es as\u00ed haz clic aqu\u00ed para iniciar la descarga manualmente. Cuando la descarga haya finalizado ejecuta el instalador de Docuo. Deber\u00e1s proporcionar el identificador de tu repositorio durante la instalaci\u00f3n.\" \/>\n<meta property=\"og:url\" content=\"https:\/\/www.r2docuo.com\/es\/descargar\/descargando\" \/>\n<meta property=\"og:site_name\" content=\"R2 Docuo\" \/>\n<meta property=\"article:modified_time\" content=\"2023-06-15T11:17:42+00:00\" \/>\n<meta property=\"og:image\" content=\"https:\/\/www.r2docuo.com\/es\/wp-content\/uploads\/sites\/3\/2019\/01\/r2docuo-twittercard.png\" \/>\n\t<meta property=\"og:image:width\" content=\"1024\" \/>\n\t<meta property=\"og:image:height\" content=\"512\" \/>\n\t<meta property=\"og:image:type\" content=\"image\/png\" \/>\n<meta name=\"twitter:card\" content=\"summary_large_image\" \/>\n<meta name=\"twitter:image\" content=\"https:\/\/www.r2docuo.com\/es\/wp-content\/uploads\/sites\/3\/2019\/01\/r2docuo-twittercard.png\" \/>\n<meta name=\"twitter:site\" content=\"@r2docuo\" \/>\n<meta name=\"twitter:label1\" content=\"Tiempo de lectura\" \/>\n\t<meta name=\"twitter:data1\" content=\"1 minuto\" \/>\n<!-- \/ Yoast SEO Premium plugin. -->","yoast_head_json":{"title":"Descargar - Progreso - Descargando - R2 Docuo","robots":{"index":"noindex","follow":"follow"},"og_locale":"es_ES","og_type":"article","og_title":"Descargar - Progreso - Descargando","og_description":"La descarga de Docuo para Windows se iniciar\u00e1 autom\u00e1ticamente en unos segundos. Si no es as\u00ed haz clic aqu\u00ed para iniciar la descarga manualmente. Cuando la descarga haya finalizado ejecuta el instalador de Docuo. Deber\u00e1s proporcionar el identificador de tu repositorio durante la instalaci\u00f3n.","og_url":"https:\/\/www.r2docuo.com\/es\/descargar\/descargando","og_site_name":"R2 Docuo","article_modified_time":"2023-06-15T11:17:42+00:00","og_image":[{"width":1024,"height":512,"url":"https:\/\/www.r2docuo.com\/es\/wp-content\/uploads\/sites\/3\/2019\/01\/r2docuo-twittercard.png","type":"image\/png"}],"twitter_card":"summary_large_image","twitter_image":"https:\/\/www.r2docuo.com\/es\/wp-content\/uploads\/sites\/3\/2019\/01\/r2docuo-twittercard.png","twitter_site":"@r2docuo","twitter_misc":{"Tiempo de lectura":"1 minuto"},"schema":{"@context":"https:\/\/schema.org","@graph":[{"@type":"WebPage","@id":"https:\/\/www.r2docuo.com\/es\/descargar\/descargando","url":"https:\/\/www.r2docuo.com\/es\/descargar\/descargando","name":"Descargar - Progreso - Descargando - R2 Docuo","isPartOf":{"@id":"https:\/\/www.r2docuo.com\/es\/#website"},"primaryImageOfPage":{"@id":"https:\/\/www.r2docuo.com\/es\/descargar\/descargando#primaryimage"},"image":{"@id":"https:\/\/www.r2docuo.com\/es\/descargar\/descargando#primaryimage"},"thumbnailUrl":"https:\/\/www.r2docuo.com\/es\/wp-content\/uploads\/sites\/3\/2022\/07\/download_windows.png","datePublished":"2018-12-27T16:56:41+00:00","dateModified":"2023-06-15T11:17:42+00:00","breadcrumb":{"@id":"https:\/\/www.r2docuo.com\/es\/descargar\/descargando#breadcrumb"},"inLanguage":"es","potentialAction":[{"@type":"ReadAction","target":["https:\/\/www.r2docuo.com\/es\/descargar\/descargando"]}]},{"@type":"ImageObject","inLanguage":"es","@id":"https:\/\/www.r2docuo.com\/es\/descargar\/descargando#primaryimage","url":"https:\/\/www.r2docuo.com\/es\/wp-content\/uploads\/sites\/3\/2022\/07\/download_windows.png","contentUrl":"https:\/\/www.r2docuo.com\/es\/wp-content\/uploads\/sites\/3\/2022\/07\/download_windows.png"},{"@type":"BreadcrumbList","@id":"https:\/\/www.r2docuo.com\/es\/descargar\/descargando#breadcrumb","itemListElement":[{"@type":"ListItem","position":1,"name":"Portada","item":"https:\/\/www.r2docuo.com\/es\/"},{"@type":"ListItem","position":2,"name":"Descargar","item":"https:\/\/www.r2docuo.com\/es\/descargar"},{"@type":"ListItem","position":3,"name":"Descargar &#8211; Progreso &#8211; Descargando"}]},{"@type":"WebSite","@id":"https:\/\/www.r2docuo.com\/es\/#website","url":"https:\/\/www.r2docuo.com\/es\/","name":"R2 Docuo","description":"ES","publisher":{"@id":"https:\/\/www.r2docuo.com\/es\/#organization"},"alternateName":"Docuo","potentialAction":[{"@type":"SearchAction","target":{"@type":"EntryPoint","urlTemplate":"https:\/\/www.r2docuo.com\/es\/?s={search_term_string}"},"query-input":{"@type":"PropertyValueSpecification","valueRequired":true,"valueName":"search_term_string"}}],"inLanguage":"es"},{"@type":"Organization","@id":"https:\/\/www.r2docuo.com\/es\/#organization","name":"Docuo","url":"https:\/\/www.r2docuo.com\/es\/","logo":{"@type":"ImageObject","inLanguage":"es","@id":"https:\/\/www.r2docuo.com\/es\/#\/schema\/logo\/image\/","url":"https:\/\/www.r2docuo.com\/es\/wp-content\/uploads\/sites\/3\/2023\/01\/logoR2Docuo-520.png","contentUrl":"https:\/\/www.r2docuo.com\/es\/wp-content\/uploads\/sites\/3\/2023\/01\/logoR2Docuo-520.png","width":520,"height":192,"caption":"Docuo"},"image":{"@id":"https:\/\/www.r2docuo.com\/es\/#\/schema\/logo\/image\/"},"sameAs":["https:\/\/x.com\/r2docuo","https:\/\/www.linkedin.com\/company\/r2docuo","https:\/\/www.instagram.com\/r2docuo","https:\/\/www.youtube.com\/@r2docuo"]}]}},"_links":{"self":[{"href":"https:\/\/www.r2docuo.com\/es\/wp-json\/wp\/v2\/pages\/1443","targetHints":{"allow":["GET"]}}],"collection":[{"href":"https:\/\/www.r2docuo.com\/es\/wp-json\/wp\/v2\/pages"}],"about":[{"href":"https:\/\/www.r2docuo.com\/es\/wp-json\/wp\/v2\/types\/page"}],"author":[{"embeddable":true,"href":"https:\/\/www.r2docuo.com\/es\/wp-json\/wp\/v2\/users\/2"}],"replies":[{"embeddable":true,"href":"https:\/\/www.r2docuo.com\/es\/wp-json\/wp\/v2\/comments?post=1443"}],"version-history":[{"count":0,"href":"https:\/\/www.r2docuo.com\/es\/wp-json\/wp\/v2\/pages\/1443\/revisions"}],"up":[{"embeddable":true,"href":"https:\/\/www.r2docuo.com\/es\/wp-json\/wp\/v2\/pages\/16"}],"wp:attachment":[{"href":"https:\/\/www.r2docuo.com\/es\/wp-json\/wp\/v2\/media?parent=1443"}],"curies":[{"name":"wp","href":"https:\/\/api.w.org\/{rel}","templated":true}]}}