{"id":2,"date":"2017-11-16T14:47:09","date_gmt":"2017-11-16T13:47:09","guid":{"rendered":"http:\/\/wpengine.com9\/?page_id=2"},"modified":"2026-05-14T20:42:41","modified_gmt":"2026-05-14T19:42:41","slug":"home","status":"publish","type":"page","link":"https:\/\/www.r2docuo.com\/es\/","title":{"rendered":"Inicio"},"content":{"rendered":"","protected":false},"excerpt":{"rendered":"","protected":false},"author":1,"featured_media":0,"parent":0,"menu_order":0,"comment_status":"closed","ping_status":"closed","template":"page-ps-dynamic-content.php","meta":{"_acf_changed":false,"inline_featured_image":false,"footnotes":""},"class_list":["post-2","page","type-page","status-publish","hentry"],"acf":[],"yoast_head":"<!-- This site is optimized with the Yoast SEO Premium plugin v27.6 (Yoast SEO v27.6) - https:\/\/yoast.com\/product\/yoast-seo-premium-wordpress\/ -->\n<title>Programa Inform\u00e1tico para Empresas y Negocios | R2 Docuo<\/title>\n<meta name=\"description\" content=\"La gesti\u00f3n de tu empresa, potenciada con IA, en un solo lugar: Contratos, Facturas, Ofertas, Gestor Documental, Expedientes, Tr\u00e1mites y m\u00e1s.\" \/>\n<meta name=\"robots\" content=\"index, follow, max-snippet:-1, max-image-preview:large, max-video-preview:-1\" \/>\n<link rel=\"canonical\" href=\"https:\/\/www.r2docuo.com\/es\/\" \/>\n<meta property=\"og:locale\" content=\"es_ES\" \/>\n<meta property=\"og:type\" content=\"article\" \/>\n<meta property=\"og:title\" content=\"Gestor \u00e1gil de Procesos y Documentos | R2 Docuo\" \/>\n<meta property=\"og:description\" content=\"Gestiona autom\u00e1ticamente cualquier proceso de negocio, y dispara la productividad de tu empresa o departamento.\" \/>\n<meta property=\"og:url\" content=\"https:\/\/www.r2docuo.com\/es\/\" \/>\n<meta property=\"og:site_name\" content=\"R2 Docuo\" \/>\n<meta property=\"article:modified_time\" content=\"2026-05-14T19:42:41+00:00\" \/>\n<meta property=\"og:image\" content=\"https:\/\/www.r2docuo.com\/es\/wp-content\/uploads\/sites\/3\/2023\/04\/ULIDEST_GENERICA.png\" \/>\n\t<meta property=\"og:image:width\" content=\"1200\" \/>\n\t<meta property=\"og:image:height\" content=\"630\" \/>\n\t<meta property=\"og:image:type\" content=\"image\/png\" \/>\n<meta name=\"twitter:card\" content=\"summary_large_image\" \/>\n<meta name=\"twitter:title\" content=\"Gestor \u00e1gil de Procesos y Documentos | R2 Docuo\" \/>\n<meta name=\"twitter:description\" content=\"Gestiona autom\u00e1ticamente cualquier proceso de negocio, y dispara la productividad de tu empresa o departamento.\" \/>\n<meta name=\"twitter:site\" content=\"@r2docuo\" \/>\n<meta name=\"twitter:label1\" content=\"Tiempo de lectura\" \/>\n\t<meta name=\"twitter:data1\" content=\"5 minutos\" \/>\n<!-- \/ Yoast SEO Premium plugin. -->","yoast_head_json":{"title":"Programa Inform\u00e1tico para Empresas y Negocios | R2 Docuo","description":"La gesti\u00f3n de tu empresa, potenciada con IA, en un solo lugar: Contratos, Facturas, Ofertas, Gestor Documental, Expedientes, Tr\u00e1mites y m\u00e1s.","robots":{"index":"index","follow":"follow","max-snippet":"max-snippet:-1","max-image-preview":"max-image-preview:large","max-video-preview":"max-video-preview:-1"},"canonical":"https:\/\/www.r2docuo.com\/es\/","og_locale":"es_ES","og_type":"article","og_title":"Gestor \u00e1gil de Procesos y Documentos | R2 Docuo","og_description":"Gestiona autom\u00e1ticamente cualquier proceso de negocio, y dispara la productividad de tu empresa o departamento.","og_url":"https:\/\/www.r2docuo.com\/es\/","og_site_name":"R2 Docuo","article_modified_time":"2026-05-14T19:42:41+00:00","og_image":[{"width":1200,"height":630,"url":"https:\/\/www.r2docuo.com\/es\/wp-content\/uploads\/sites\/3\/2023\/04\/ULIDEST_GENERICA.png","type":"image\/png"}],"twitter_card":"summary_large_image","twitter_title":"Gestor \u00e1gil de Procesos y Documentos | R2 Docuo","twitter_description":"Gestiona autom\u00e1ticamente cualquier proceso de negocio, y dispara la productividad de tu empresa o departamento.","twitter_site":"@r2docuo","twitter_misc":{"Tiempo de lectura":"5 minutos"},"schema":{"@context":"https:\/\/schema.org","@graph":[{"@type":"WebPage","@id":"https:\/\/www.r2docuo.com\/es\/","url":"https:\/\/www.r2docuo.com\/es\/","name":"Programa Inform\u00e1tico para Empresas y Negocios | R2 Docuo","isPartOf":{"@id":"https:\/\/www.r2docuo.com\/es\/#website"},"datePublished":"2017-11-16T13:47:09+00:00","dateModified":"2026-05-14T19:42:41+00:00","description":"La gesti\u00f3n de tu empresa, potenciada con IA, en un solo lugar: Contratos, Facturas, Ofertas, Gestor Documental, Expedientes, Tr\u00e1mites y m\u00e1s.","breadcrumb":{"@id":"https:\/\/www.r2docuo.com\/es\/#breadcrumb"},"inLanguage":"es","potentialAction":[{"@type":"ReadAction","target":["https:\/\/www.r2docuo.com\/es\/"]}]},{"@type":"BreadcrumbList","@id":"https:\/\/www.r2docuo.com\/es\/#breadcrumb","itemListElement":[{"@type":"ListItem","position":1,"name":"Portada","item":"https:\/\/www.r2docuo.com\/es\/"},{"@type":"ListItem","position":2,"name":"Inicio"}]},{"@type":"WebSite","@id":"https:\/\/www.r2docuo.com\/es\/#website","url":"https:\/\/www.r2docuo.com\/es\/","name":"R2 Docuo","description":"ES","publisher":{"@id":"https:\/\/www.r2docuo.com\/es\/#organization"},"alternateName":"Docuo","potentialAction":[{"@type":"SearchAction","target":{"@type":"EntryPoint","urlTemplate":"https:\/\/www.r2docuo.com\/es\/?s={search_term_string}"},"query-input":{"@type":"PropertyValueSpecification","valueRequired":true,"valueName":"search_term_string"}}],"inLanguage":"es"},{"@type":"Organization","@id":"https:\/\/www.r2docuo.com\/es\/#organization","name":"Docuo","url":"https:\/\/www.r2docuo.com\/es\/","logo":{"@type":"ImageObject","inLanguage":"es","@id":"https:\/\/www.r2docuo.com\/es\/#\/schema\/logo\/image\/","url":"https:\/\/www.r2docuo.com\/es\/wp-content\/uploads\/sites\/3\/2023\/01\/logoR2Docuo-520.png","contentUrl":"https:\/\/www.r2docuo.com\/es\/wp-content\/uploads\/sites\/3\/2023\/01\/logoR2Docuo-520.png","width":520,"height":192,"caption":"Docuo"},"image":{"@id":"https:\/\/www.r2docuo.com\/es\/#\/schema\/logo\/image\/"},"sameAs":["https:\/\/x.com\/r2docuo","https:\/\/www.linkedin.com\/company\/r2docuo","https:\/\/www.instagram.com\/r2docuo","https:\/\/www.youtube.com\/@r2docuo"]}]}},"_links":{"self":[{"href":"https:\/\/www.r2docuo.com\/es\/wp-json\/wp\/v2\/pages\/2","targetHints":{"allow":["GET"]}}],"collection":[{"href":"https:\/\/www.r2docuo.com\/es\/wp-json\/wp\/v2\/pages"}],"about":[{"href":"https:\/\/www.r2docuo.com\/es\/wp-json\/wp\/v2\/types\/page"}],"author":[{"embeddable":true,"href":"https:\/\/www.r2docuo.com\/es\/wp-json\/wp\/v2\/users\/1"}],"replies":[{"embeddable":true,"href":"https:\/\/www.r2docuo.com\/es\/wp-json\/wp\/v2\/comments?post=2"}],"version-history":[{"count":0,"href":"https:\/\/www.r2docuo.com\/es\/wp-json\/wp\/v2\/pages\/2\/revisions"}],"wp:attachment":[{"href":"https:\/\/www.r2docuo.com\/es\/wp-json\/wp\/v2\/media?parent=2"}],"curies":[{"name":"wp","href":"https:\/\/api.w.org\/{rel}","templated":true}]}}