{"id":4381,"date":"2022-09-05T14:38:32","date_gmt":"2022-09-05T13:38:32","guid":{"rendered":"https:\/\/www.r2docuo.com\/es\/?page_id=4381"},"modified":"2024-03-13T10:23:15","modified_gmt":"2024-03-13T09:23:15","slug":"ingenieria-proyectos-epc","status":"publish","type":"page","link":"https:\/\/www.r2docuo.com\/es\/ingenieria-proyectos-epc","title":{"rendered":"Soluci\u00f3n &#8211; Industria &#8211; Ingenier\u00eda Proyectos EPC"},"content":{"rendered":"","protected":false},"excerpt":{"rendered":"","protected":false},"author":2,"featured_media":0,"parent":0,"menu_order":0,"comment_status":"closed","ping_status":"closed","template":"page-ps-dynamic-content.php","meta":{"_acf_changed":false,"inline_featured_image":false,"footnotes":""},"class_list":["post-4381","page","type-page","status-publish","hentry"],"acf":[],"yoast_head":"<!-- This site is optimized with the Yoast SEO Premium plugin v27.2 (Yoast SEO v27.3) - https:\/\/yoast.com\/product\/yoast-seo-premium-wordpress\/ -->\n<title>Gesti\u00f3n Documental para Ingenier\u00eda y Proyectos EPC | R2 Docuo<\/title>\n<meta name=\"description\" content=\"Software para la coordinaci\u00f3n exitosa de proyectos EPC: transmittals autom\u00e1ticos, gesti\u00f3n documental, informaci\u00f3n centralizada, \u00a1y mucho m\u00e1s!\" \/>\n<meta name=\"robots\" content=\"index, follow, max-snippet:-1, max-image-preview:large, max-video-preview:-1\" \/>\n<link rel=\"canonical\" href=\"https:\/\/www.r2docuo.com\/es\/ingenieria-proyectos-epc\" \/>\n<meta property=\"og:locale\" content=\"es_ES\" \/>\n<meta property=\"og:type\" content=\"article\" \/>\n<meta property=\"og:title\" content=\"Gesti\u00f3n Documental para proyectos EPC | R2 Docuo\" \/>\n<meta property=\"og:description\" content=\"Software para la coordinaci\u00f3n exitosa de proyectos EPC: transmittals autom\u00e1ticos, gesti\u00f3n documental, informaci\u00f3n centralizada, \u00a1y mucho m\u00e1s!\" \/>\n<meta property=\"og:url\" content=\"https:\/\/www.r2docuo.com\/es\/ingenieria-proyectos-epc\" \/>\n<meta property=\"og:site_name\" content=\"R2 Docuo\" \/>\n<meta property=\"article:modified_time\" content=\"2024-03-13T09:23:15+00:00\" \/>\n<meta property=\"og:image\" content=\"https:\/\/www.r2docuo.com\/es\/wp-content\/uploads\/sites\/3\/2024\/02\/Caso-de-uso-Ingenieria-y-proyectos-EPC.png\" \/>\n\t<meta property=\"og:image:width\" content=\"1200\" \/>\n\t<meta property=\"og:image:height\" content=\"630\" \/>\n\t<meta property=\"og:image:type\" content=\"image\/png\" \/>\n<meta name=\"twitter:card\" content=\"summary_large_image\" \/>\n<meta name=\"twitter:title\" content=\"Gesti\u00f3n Documental para proyectos EPC | R2 Docuo\" \/>\n<meta name=\"twitter:description\" content=\"Software para la coordinaci\u00f3n exitosa de proyectos EPC: transmittals autom\u00e1ticos, gesti\u00f3n documental, informaci\u00f3n centralizada, \u00a1y mucho m\u00e1s!\" \/>\n<meta name=\"twitter:image\" content=\"https:\/\/www.r2docuo.com\/es\/wp-content\/uploads\/sites\/3\/2024\/02\/Caso-de-uso-Ingenieria-y-proyectos-EPC.png\" \/>\n<meta name=\"twitter:site\" content=\"@r2docuo\" \/>\n<meta name=\"twitter:label1\" content=\"Tiempo de lectura\" \/>\n\t<meta name=\"twitter:data1\" content=\"4 minutos\" \/>\n<!-- \/ Yoast SEO Premium plugin. -->","yoast_head_json":{"title":"Gesti\u00f3n Documental para Ingenier\u00eda y Proyectos EPC | R2 Docuo","description":"Software para la coordinaci\u00f3n exitosa de proyectos EPC: transmittals autom\u00e1ticos, gesti\u00f3n documental, informaci\u00f3n centralizada, \u00a1y mucho m\u00e1s!","robots":{"index":"index","follow":"follow","max-snippet":"max-snippet:-1","max-image-preview":"max-image-preview:large","max-video-preview":"max-video-preview:-1"},"canonical":"https:\/\/www.r2docuo.com\/es\/ingenieria-proyectos-epc","og_locale":"es_ES","og_type":"article","og_title":"Gesti\u00f3n Documental para proyectos EPC | R2 Docuo","og_description":"Software para la coordinaci\u00f3n exitosa de proyectos EPC: transmittals autom\u00e1ticos, gesti\u00f3n documental, informaci\u00f3n centralizada, \u00a1y mucho m\u00e1s!","og_url":"https:\/\/www.r2docuo.com\/es\/ingenieria-proyectos-epc","og_site_name":"R2 Docuo","article_modified_time":"2024-03-13T09:23:15+00:00","og_image":[{"width":1200,"height":630,"url":"https:\/\/www.r2docuo.com\/es\/wp-content\/uploads\/sites\/3\/2024\/02\/Caso-de-uso-Ingenieria-y-proyectos-EPC.png","type":"image\/png"}],"twitter_card":"summary_large_image","twitter_title":"Gesti\u00f3n Documental para proyectos EPC | R2 Docuo","twitter_description":"Software para la coordinaci\u00f3n exitosa de proyectos EPC: transmittals autom\u00e1ticos, gesti\u00f3n documental, informaci\u00f3n centralizada, \u00a1y mucho m\u00e1s!","twitter_image":"https:\/\/www.r2docuo.com\/es\/wp-content\/uploads\/sites\/3\/2024\/02\/Caso-de-uso-Ingenieria-y-proyectos-EPC.png","twitter_site":"@r2docuo","twitter_misc":{"Tiempo de lectura":"4 minutos"},"schema":{"@context":"https:\/\/schema.org","@graph":[{"@type":"WebPage","@id":"https:\/\/www.r2docuo.com\/es\/ingenieria-proyectos-epc","url":"https:\/\/www.r2docuo.com\/es\/ingenieria-proyectos-epc","name":"Gesti\u00f3n Documental para Ingenier\u00eda y Proyectos EPC | R2 Docuo","isPartOf":{"@id":"https:\/\/www.r2docuo.com\/es\/#website"},"datePublished":"2022-09-05T13:38:32+00:00","dateModified":"2024-03-13T09:23:15+00:00","description":"Software para la coordinaci\u00f3n exitosa de proyectos EPC: transmittals autom\u00e1ticos, gesti\u00f3n documental, informaci\u00f3n centralizada, \u00a1y mucho m\u00e1s!","breadcrumb":{"@id":"https:\/\/www.r2docuo.com\/es\/ingenieria-proyectos-epc#breadcrumb"},"inLanguage":"es","potentialAction":[{"@type":"ReadAction","target":["https:\/\/www.r2docuo.com\/es\/ingenieria-proyectos-epc"]}]},{"@type":"BreadcrumbList","@id":"https:\/\/www.r2docuo.com\/es\/ingenieria-proyectos-epc#breadcrumb","itemListElement":[{"@type":"ListItem","position":1,"name":"Portada","item":"https:\/\/www.r2docuo.com\/es\/"},{"@type":"ListItem","position":2,"name":"Soluci\u00f3n &#8211; Industria &#8211; Ingenier\u00eda Proyectos EPC"}]},{"@type":"WebSite","@id":"https:\/\/www.r2docuo.com\/es\/#website","url":"https:\/\/www.r2docuo.com\/es\/","name":"R2 Docuo","description":"ES","publisher":{"@id":"https:\/\/www.r2docuo.com\/es\/#organization"},"alternateName":"Docuo","potentialAction":[{"@type":"SearchAction","target":{"@type":"EntryPoint","urlTemplate":"https:\/\/www.r2docuo.com\/es\/?s={search_term_string}"},"query-input":{"@type":"PropertyValueSpecification","valueRequired":true,"valueName":"search_term_string"}}],"inLanguage":"es"},{"@type":"Organization","@id":"https:\/\/www.r2docuo.com\/es\/#organization","name":"Docuo","url":"https:\/\/www.r2docuo.com\/es\/","logo":{"@type":"ImageObject","inLanguage":"es","@id":"https:\/\/www.r2docuo.com\/es\/#\/schema\/logo\/image\/","url":"https:\/\/www.r2docuo.com\/es\/wp-content\/uploads\/sites\/3\/2023\/01\/logoR2Docuo-520.png","contentUrl":"https:\/\/www.r2docuo.com\/es\/wp-content\/uploads\/sites\/3\/2023\/01\/logoR2Docuo-520.png","width":520,"height":192,"caption":"Docuo"},"image":{"@id":"https:\/\/www.r2docuo.com\/es\/#\/schema\/logo\/image\/"},"sameAs":["https:\/\/x.com\/r2docuo","https:\/\/www.linkedin.com\/company\/r2docuo","https:\/\/www.instagram.com\/r2docuo","https:\/\/www.youtube.com\/@r2docuo"]}]}},"_links":{"self":[{"href":"https:\/\/www.r2docuo.com\/es\/wp-json\/wp\/v2\/pages\/4381","targetHints":{"allow":["GET"]}}],"collection":[{"href":"https:\/\/www.r2docuo.com\/es\/wp-json\/wp\/v2\/pages"}],"about":[{"href":"https:\/\/www.r2docuo.com\/es\/wp-json\/wp\/v2\/types\/page"}],"author":[{"embeddable":true,"href":"https:\/\/www.r2docuo.com\/es\/wp-json\/wp\/v2\/users\/2"}],"replies":[{"embeddable":true,"href":"https:\/\/www.r2docuo.com\/es\/wp-json\/wp\/v2\/comments?post=4381"}],"version-history":[{"count":0,"href":"https:\/\/www.r2docuo.com\/es\/wp-json\/wp\/v2\/pages\/4381\/revisions"}],"wp:attachment":[{"href":"https:\/\/www.r2docuo.com\/es\/wp-json\/wp\/v2\/media?parent=4381"}],"curies":[{"name":"wp","href":"https:\/\/api.w.org\/{rel}","templated":true}]}}