{"id":5213,"date":"0202-10-06T13:30:57","date_gmt":"0202-10-06T12:30:57","guid":{"rendered":"https:\/\/www.r2docuo.com\/es\/?page_id=5213"},"modified":"2026-03-27T09:51:59","modified_gmt":"2026-03-27T08:51:59","slug":"contratos-ia","status":"publish","type":"page","link":"https:\/\/www.r2docuo.com\/es\/contratos-ia","title":{"rendered":"Soluci\u00f3n \u2013 General \u2013 Contratos (IA)"},"content":{"rendered":"","protected":false},"excerpt":{"rendered":"","protected":false},"author":2,"featured_media":0,"parent":0,"menu_order":0,"comment_status":"closed","ping_status":"closed","template":"page-ps-dynamic-content.php","meta":{"_acf_changed":false,"inline_featured_image":false,"footnotes":""},"class_list":["post-5213","page","type-page","status-publish","hentry"],"acf":[],"yoast_head":"<!-- This site is optimized with the Yoast SEO Premium plugin v27.4 (Yoast SEO v27.4) - https:\/\/yoast.com\/product\/yoast-seo-premium-wordpress\/ -->\n<title>Software de Gesti\u00f3n de Contratos con IA | R2 Docuo<\/title>\n<meta name=\"description\" content=\"Organizaci\u00f3n y avisos autom\u00e1ticos de fechas clave de tus contratos. Creaci\u00f3n, aprobaci\u00f3n y firma. IA entrenada para tus necesidades.\" \/>\n<meta name=\"robots\" content=\"index, follow, max-snippet:-1, max-image-preview:large, max-video-preview:-1\" \/>\n<link rel=\"canonical\" href=\"https:\/\/www.r2docuo.com\/es\/contratos-ia\" \/>\n<meta property=\"og:locale\" content=\"es_ES\" \/>\n<meta property=\"og:type\" content=\"article\" \/>\n<meta property=\"og:title\" content=\"Software de Gesti\u00f3n de Contratos con IA | R2 Docuo\" \/>\n<meta property=\"og:description\" content=\"Organizaci\u00f3n y avisos autom\u00e1ticos de fechas clave de tus contratos. Creaci\u00f3n, aprobaci\u00f3n y firma. IA entrenada para tus necesidades.\" \/>\n<meta property=\"og:url\" content=\"https:\/\/www.r2docuo.com\/es\/contratos-ia\" \/>\n<meta property=\"og:site_name\" content=\"R2 Docuo\" \/>\n<meta property=\"article:modified_time\" content=\"2026-03-27T08:51:59+00:00\" \/>\n<meta property=\"og:image\" content=\"https:\/\/www.r2docuo.com\/es\/wp-content\/uploads\/sites\/3\/2023\/04\/ULIDEST_GENERICA.png\" \/>\n\t<meta property=\"og:image:width\" content=\"1200\" \/>\n\t<meta property=\"og:image:height\" content=\"630\" \/>\n\t<meta property=\"og:image:type\" content=\"image\/png\" \/>\n<meta name=\"twitter:card\" content=\"summary_large_image\" \/>\n<meta name=\"twitter:title\" content=\"Software de Gesti\u00f3n de Contratos con IA | R2 Docuo\" \/>\n<meta name=\"twitter:description\" content=\"Organizaci\u00f3n y avisos autom\u00e1ticos de fechas clave de tus contratos. Creaci\u00f3n, aprobaci\u00f3n y firma. IA entrenada para tus necesidades.\" \/>\n<meta name=\"twitter:site\" content=\"@r2docuo\" \/>\n<meta name=\"twitter:label1\" content=\"Tiempo de lectura\" \/>\n\t<meta name=\"twitter:data1\" content=\"6 minutos\" \/>\n<!-- \/ Yoast SEO Premium plugin. -->","yoast_head_json":{"title":"Software de Gesti\u00f3n de Contratos con IA | R2 Docuo","description":"Organizaci\u00f3n y avisos autom\u00e1ticos de fechas clave de tus contratos. Creaci\u00f3n, aprobaci\u00f3n y firma. IA entrenada para tus necesidades.","robots":{"index":"index","follow":"follow","max-snippet":"max-snippet:-1","max-image-preview":"max-image-preview:large","max-video-preview":"max-video-preview:-1"},"canonical":"https:\/\/www.r2docuo.com\/es\/contratos-ia","og_locale":"es_ES","og_type":"article","og_title":"Software de Gesti\u00f3n de Contratos con IA | R2 Docuo","og_description":"Organizaci\u00f3n y avisos autom\u00e1ticos de fechas clave de tus contratos. Creaci\u00f3n, aprobaci\u00f3n y firma. IA entrenada para tus necesidades.","og_url":"https:\/\/www.r2docuo.com\/es\/contratos-ia","og_site_name":"R2 Docuo","article_modified_time":"2026-03-27T08:51:59+00:00","og_image":[{"width":1200,"height":630,"url":"https:\/\/www.r2docuo.com\/es\/wp-content\/uploads\/sites\/3\/2023\/04\/ULIDEST_GENERICA.png","type":"image\/png"}],"twitter_card":"summary_large_image","twitter_title":"Software de Gesti\u00f3n de Contratos con IA | R2 Docuo","twitter_description":"Organizaci\u00f3n y avisos autom\u00e1ticos de fechas clave de tus contratos. Creaci\u00f3n, aprobaci\u00f3n y firma. IA entrenada para tus necesidades.","twitter_site":"@r2docuo","twitter_misc":{"Tiempo de lectura":"6 minutos"},"schema":{"@context":"https:\/\/schema.org","@graph":[{"@type":"WebPage","@id":"https:\/\/www.r2docuo.com\/es\/contratos-ia","url":"https:\/\/www.r2docuo.com\/es\/contratos-ia","name":"Software de Gesti\u00f3n de Contratos con IA | R2 Docuo","isPartOf":{"@id":"https:\/\/www.r2docuo.com\/es\/#website"},"datePublished":"0202-10-06T12:30:57+00:00","dateModified":"2026-03-27T08:51:59+00:00","description":"Organizaci\u00f3n y avisos autom\u00e1ticos de fechas clave de tus contratos. Creaci\u00f3n, aprobaci\u00f3n y firma. IA entrenada para tus necesidades.","breadcrumb":{"@id":"https:\/\/www.r2docuo.com\/es\/contratos-ia#breadcrumb"},"inLanguage":"es","potentialAction":[{"@type":"ReadAction","target":["https:\/\/www.r2docuo.com\/es\/contratos-ia"]}]},{"@type":"BreadcrumbList","@id":"https:\/\/www.r2docuo.com\/es\/contratos-ia#breadcrumb","itemListElement":[{"@type":"ListItem","position":1,"name":"Portada","item":"https:\/\/www.r2docuo.com\/es\/"},{"@type":"ListItem","position":2,"name":"Soluci\u00f3n \u2013 General \u2013 Contratos (IA)"}]},{"@type":"WebSite","@id":"https:\/\/www.r2docuo.com\/es\/#website","url":"https:\/\/www.r2docuo.com\/es\/","name":"R2 Docuo","description":"ES","publisher":{"@id":"https:\/\/www.r2docuo.com\/es\/#organization"},"alternateName":"Docuo","potentialAction":[{"@type":"SearchAction","target":{"@type":"EntryPoint","urlTemplate":"https:\/\/www.r2docuo.com\/es\/?s={search_term_string}"},"query-input":{"@type":"PropertyValueSpecification","valueRequired":true,"valueName":"search_term_string"}}],"inLanguage":"es"},{"@type":"Organization","@id":"https:\/\/www.r2docuo.com\/es\/#organization","name":"Docuo","url":"https:\/\/www.r2docuo.com\/es\/","logo":{"@type":"ImageObject","inLanguage":"es","@id":"https:\/\/www.r2docuo.com\/es\/#\/schema\/logo\/image\/","url":"https:\/\/www.r2docuo.com\/es\/wp-content\/uploads\/sites\/3\/2023\/01\/logoR2Docuo-520.png","contentUrl":"https:\/\/www.r2docuo.com\/es\/wp-content\/uploads\/sites\/3\/2023\/01\/logoR2Docuo-520.png","width":520,"height":192,"caption":"Docuo"},"image":{"@id":"https:\/\/www.r2docuo.com\/es\/#\/schema\/logo\/image\/"},"sameAs":["https:\/\/x.com\/r2docuo","https:\/\/www.linkedin.com\/company\/r2docuo","https:\/\/www.instagram.com\/r2docuo","https:\/\/www.youtube.com\/@r2docuo"]}]}},"_links":{"self":[{"href":"https:\/\/www.r2docuo.com\/es\/wp-json\/wp\/v2\/pages\/5213","targetHints":{"allow":["GET"]}}],"collection":[{"href":"https:\/\/www.r2docuo.com\/es\/wp-json\/wp\/v2\/pages"}],"about":[{"href":"https:\/\/www.r2docuo.com\/es\/wp-json\/wp\/v2\/types\/page"}],"author":[{"embeddable":true,"href":"https:\/\/www.r2docuo.com\/es\/wp-json\/wp\/v2\/users\/2"}],"replies":[{"embeddable":true,"href":"https:\/\/www.r2docuo.com\/es\/wp-json\/wp\/v2\/comments?post=5213"}],"version-history":[{"count":0,"href":"https:\/\/www.r2docuo.com\/es\/wp-json\/wp\/v2\/pages\/5213\/revisions"}],"wp:attachment":[{"href":"https:\/\/www.r2docuo.com\/es\/wp-json\/wp\/v2\/media?parent=5213"}],"curies":[{"name":"wp","href":"https:\/\/api.w.org\/{rel}","templated":true}]}}