{"id":5562,"date":"2023-07-21T07:40:46","date_gmt":"2023-07-21T06:40:46","guid":{"rendered":"https:\/\/www.r2docuo.com\/es\/?page_id=5562"},"modified":"2024-06-05T14:20:58","modified_gmt":"2024-06-05T13:20:58","slug":"despliegue-conexiones-ftth","status":"publish","type":"page","link":"https:\/\/www.r2docuo.com\/es\/despliegue-conexiones-ftth","title":{"rendered":"Soluci\u00f3n &#8211; Industria &#8211; Despliegue de conexiones FTTH"},"content":{"rendered":"","protected":false},"excerpt":{"rendered":"","protected":false},"author":14,"featured_media":0,"parent":0,"menu_order":0,"comment_status":"closed","ping_status":"closed","template":"page-ps-dynamic-content.php","meta":{"_acf_changed":false,"inline_featured_image":false,"footnotes":""},"class_list":["post-5562","page","type-page","status-publish","hentry"],"acf":[],"yoast_head":"<!-- This site is optimized with the Yoast SEO Premium plugin v27.2 (Yoast SEO v27.3) - https:\/\/yoast.com\/product\/yoast-seo-premium-wordpress\/ -->\n<title>Software para Despliegue FTTH: Replanteo, Dise\u00f1o y Construcci\u00f3n<\/title>\n<meta name=\"description\" content=\"Optimiza la gesti\u00f3n de despliegues FTTH. Gesti\u00f3n integral del replanteo, dise\u00f1o y construcci\u00f3n de las entregas. Gesti\u00f3n de equipos t\u00e9cnicos.\" \/>\n<meta name=\"robots\" content=\"index, follow, max-snippet:-1, max-image-preview:large, max-video-preview:-1\" \/>\n<link rel=\"canonical\" href=\"https:\/\/www.r2docuo.com\/es\/despliegue-conexiones-ftth\" \/>\n<meta property=\"og:locale\" content=\"es_ES\" \/>\n<meta property=\"og:type\" content=\"article\" \/>\n<meta property=\"og:title\" content=\"Software para Despliegue de conexiones FTTH | R2 Docuo\" \/>\n<meta property=\"og:description\" content=\"Optimiza la gesti\u00f3n de tus despliegues FTTH, asignando tareas autom\u00e1ticamente, conociendo el estado de las entregas por PON, \u00a1y m\u00e1s!\" \/>\n<meta property=\"og:url\" content=\"https:\/\/www.r2docuo.com\/es\/despliegue-conexiones-ftth\" \/>\n<meta property=\"og:site_name\" content=\"R2 Docuo\" \/>\n<meta property=\"article:modified_time\" content=\"2024-06-05T13:20:58+00:00\" \/>\n<meta property=\"og:image\" content=\"https:\/\/www.r2docuo.com\/es\/wp-content\/uploads\/sites\/3\/2023\/07\/1022-Blog-gd-en-la-nube-8-e1689331684540.png\" \/>\n\t<meta property=\"og:image:width\" content=\"656\" \/>\n\t<meta property=\"og:image:height\" content=\"561\" \/>\n\t<meta property=\"og:image:type\" content=\"image\/png\" \/>\n<meta name=\"twitter:card\" content=\"summary_large_image\" \/>\n<meta name=\"twitter:title\" content=\"Software para Despliegue de conexiones FTTH | R2 Docuo\" \/>\n<meta name=\"twitter:description\" content=\"Optimiza la gesti\u00f3n de tus despliegues FTTH, asignando tareas autom\u00e1ticamente, conociendo el estado de las entregas por PON, \u00a1y m\u00e1s!\" \/>\n<meta name=\"twitter:site\" content=\"@r2docuo\" \/>\n<meta name=\"twitter:label1\" content=\"Tiempo de lectura\" \/>\n\t<meta name=\"twitter:data1\" content=\"6 minutos\" \/>\n<!-- \/ Yoast SEO Premium plugin. -->","yoast_head_json":{"title":"Software para Despliegue FTTH: Replanteo, Dise\u00f1o y Construcci\u00f3n","description":"Optimiza la gesti\u00f3n de despliegues FTTH. Gesti\u00f3n integral del replanteo, dise\u00f1o y construcci\u00f3n de las entregas. Gesti\u00f3n de equipos t\u00e9cnicos.","robots":{"index":"index","follow":"follow","max-snippet":"max-snippet:-1","max-image-preview":"max-image-preview:large","max-video-preview":"max-video-preview:-1"},"canonical":"https:\/\/www.r2docuo.com\/es\/despliegue-conexiones-ftth","og_locale":"es_ES","og_type":"article","og_title":"Software para Despliegue de conexiones FTTH | R2 Docuo","og_description":"Optimiza la gesti\u00f3n de tus despliegues FTTH, asignando tareas autom\u00e1ticamente, conociendo el estado de las entregas por PON, \u00a1y m\u00e1s!","og_url":"https:\/\/www.r2docuo.com\/es\/despliegue-conexiones-ftth","og_site_name":"R2 Docuo","article_modified_time":"2024-06-05T13:20:58+00:00","og_image":[{"width":656,"height":561,"url":"https:\/\/www.r2docuo.com\/es\/wp-content\/uploads\/sites\/3\/2023\/07\/1022-Blog-gd-en-la-nube-8-e1689331684540.png","type":"image\/png"}],"twitter_card":"summary_large_image","twitter_title":"Software para Despliegue de conexiones FTTH | R2 Docuo","twitter_description":"Optimiza la gesti\u00f3n de tus despliegues FTTH, asignando tareas autom\u00e1ticamente, conociendo el estado de las entregas por PON, \u00a1y m\u00e1s!","twitter_site":"@r2docuo","twitter_misc":{"Tiempo de lectura":"6 minutos"},"schema":{"@context":"https:\/\/schema.org","@graph":[{"@type":"WebPage","@id":"https:\/\/www.r2docuo.com\/es\/despliegue-conexiones-ftth","url":"https:\/\/www.r2docuo.com\/es\/despliegue-conexiones-ftth","name":"Software para Despliegue FTTH: Replanteo, Dise\u00f1o y Construcci\u00f3n","isPartOf":{"@id":"https:\/\/www.r2docuo.com\/es\/#website"},"datePublished":"2023-07-21T06:40:46+00:00","dateModified":"2024-06-05T13:20:58+00:00","description":"Optimiza la gesti\u00f3n de despliegues FTTH. Gesti\u00f3n integral del replanteo, dise\u00f1o y construcci\u00f3n de las entregas. Gesti\u00f3n de equipos t\u00e9cnicos.","breadcrumb":{"@id":"https:\/\/www.r2docuo.com\/es\/despliegue-conexiones-ftth#breadcrumb"},"inLanguage":"es","potentialAction":[{"@type":"ReadAction","target":["https:\/\/www.r2docuo.com\/es\/despliegue-conexiones-ftth"]}]},{"@type":"BreadcrumbList","@id":"https:\/\/www.r2docuo.com\/es\/despliegue-conexiones-ftth#breadcrumb","itemListElement":[{"@type":"ListItem","position":1,"name":"Portada","item":"https:\/\/www.r2docuo.com\/es\/"},{"@type":"ListItem","position":2,"name":"Soluci\u00f3n &#8211; Industria &#8211; Despliegue de conexiones FTTH"}]},{"@type":"WebSite","@id":"https:\/\/www.r2docuo.com\/es\/#website","url":"https:\/\/www.r2docuo.com\/es\/","name":"R2 Docuo","description":"ES","publisher":{"@id":"https:\/\/www.r2docuo.com\/es\/#organization"},"alternateName":"Docuo","potentialAction":[{"@type":"SearchAction","target":{"@type":"EntryPoint","urlTemplate":"https:\/\/www.r2docuo.com\/es\/?s={search_term_string}"},"query-input":{"@type":"PropertyValueSpecification","valueRequired":true,"valueName":"search_term_string"}}],"inLanguage":"es"},{"@type":"Organization","@id":"https:\/\/www.r2docuo.com\/es\/#organization","name":"Docuo","url":"https:\/\/www.r2docuo.com\/es\/","logo":{"@type":"ImageObject","inLanguage":"es","@id":"https:\/\/www.r2docuo.com\/es\/#\/schema\/logo\/image\/","url":"https:\/\/www.r2docuo.com\/es\/wp-content\/uploads\/sites\/3\/2023\/01\/logoR2Docuo-520.png","contentUrl":"https:\/\/www.r2docuo.com\/es\/wp-content\/uploads\/sites\/3\/2023\/01\/logoR2Docuo-520.png","width":520,"height":192,"caption":"Docuo"},"image":{"@id":"https:\/\/www.r2docuo.com\/es\/#\/schema\/logo\/image\/"},"sameAs":["https:\/\/x.com\/r2docuo","https:\/\/www.linkedin.com\/company\/r2docuo","https:\/\/www.instagram.com\/r2docuo","https:\/\/www.youtube.com\/@r2docuo"]}]}},"_links":{"self":[{"href":"https:\/\/www.r2docuo.com\/es\/wp-json\/wp\/v2\/pages\/5562","targetHints":{"allow":["GET"]}}],"collection":[{"href":"https:\/\/www.r2docuo.com\/es\/wp-json\/wp\/v2\/pages"}],"about":[{"href":"https:\/\/www.r2docuo.com\/es\/wp-json\/wp\/v2\/types\/page"}],"author":[{"embeddable":true,"href":"https:\/\/www.r2docuo.com\/es\/wp-json\/wp\/v2\/users\/14"}],"replies":[{"embeddable":true,"href":"https:\/\/www.r2docuo.com\/es\/wp-json\/wp\/v2\/comments?post=5562"}],"version-history":[{"count":0,"href":"https:\/\/www.r2docuo.com\/es\/wp-json\/wp\/v2\/pages\/5562\/revisions"}],"wp:attachment":[{"href":"https:\/\/www.r2docuo.com\/es\/wp-json\/wp\/v2\/media?parent=5562"}],"curies":[{"name":"wp","href":"https:\/\/api.w.org\/{rel}","templated":true}]}}