{"id":6198,"date":"2025-12-04T09:14:45","date_gmt":"2025-12-04T08:14:45","guid":{"rendered":"https:\/\/www.r2docuo.com\/es\/?page_id=6198"},"modified":"2026-02-19T14:25:40","modified_gmt":"2026-02-19T13:25:40","slug":"declaracion-responsable-verifactu","status":"publish","type":"page","link":"https:\/\/www.r2docuo.com\/es\/declaracion-responsable-verifactu","title":{"rendered":"Legal &#8211; Declaraci\u00f3n Responsable Verifactu"},"content":{"rendered":"<p>1.a) Nombre de los sistemas inform\u00e1ticos a los que se refiere esta declaraci\u00f3n responsable:<\/p>\n<p><strong>R2 Docuo Enterprise Edition con el m\u00f3dulo Verifactu activo*<\/strong><\/p>\n<p><strong>R2 Docuo Business Edition con el m\u00f3dulo Verifactu activo*<\/strong><\/p>\n<p><strong>R2 Metro con el m\u00f3dulo Verifactu activo*<\/strong><\/p>\n<p><strong>R2 Mando con el m\u00f3dulo Verifactu activo*<\/strong><\/p>\n<p><span style=\"color: #f6402c;\"><strong>* Los sistemas R2 Docuo, R2 Metro y R2 Mando que no tengan el m\u00f3dulo Verifactu activo, no son Sistemas Inform\u00e1ticos de Facturaci\u00f3n y por tanto no deben utilizarse para emitir facturas a partir del 1-ene-2027<\/strong><\/span><\/p>\n<p>1.b) C\u00f3digo identificador de los sistemas inform\u00e1ticos a los que se refiere el apartado 1.a de esta declaraci\u00f3n responsable:<\/p>\n<p><strong>R2<\/strong><\/p>\n<p>1.c) Identificador completo de la versi\u00f3n concreta de los sistemas inform\u00e1tico a los que se refiere esta declaraci\u00f3n responsable:<\/p>\n<p><strong>1.0<\/strong><\/p>\n<p>1.d) Componentes, hardware y software, de que consta el sistema inform\u00e1tico a que se refiere esta declaraci\u00f3n responsable, junto con una breve descripci\u00f3n de lo que hace dicho sistema inform\u00e1tico y de sus principales funcionalidades:<\/p>\n<p><strong>Software como servicio que ofrece diferentes funcionalidades relacionadas con la gesti\u00f3n de documentos, flujos de trabajo y procesos de facturaci\u00f3n. <\/strong><\/p>\n<p><strong>Los tres sistemas (R2 Docuo, R2 Metro y R2 Mando), cuando cumplen los requisitos de licencia mencionados en el apartado 1.a (tener el m\u00f3dulo verifactu activo), utilizan internamente el mismo motor de facturaci\u00f3n y se comportan exactamente del mismo modo respecto al cumplimiento de la legislaci\u00f3n declarado en el apartado 1.k, por lo que se define su comportamiento en esta \u00fanica declaraci\u00f3n responsable.<\/strong><\/p>\n<p><strong>Tras el pago de una suscripci\u00f3n y la creaci\u00f3n de una cuenta, los usuarios acceden a la herramienta a trav\u00e9s de internet y el software se ejecuta en servidores controlados por el proveedor (R2 Sistemas Inform\u00e1ticos S.L.) a los que los usuarios se conectan para utilizar el servicio.<\/strong><\/p>\n<p><strong>Los usuarios pueden elegir de qu\u00e9 modo conectarse al software:<\/strong><\/p>\n<ul>\n<li><strong>Instalando aplicaciones cliente locales en su dispositivo Windows, iOS o Android que se conectan al servicio<\/strong><\/li>\n<li><strong>Utilizando navegadores de Internet compatibles (Chrome, Firefox, Edge, Safari) que navegan directamente al servicio<\/strong><\/li>\n<li><strong>Haciendo conexiones a un servidor local (on-premise) que act\u00faa como proxy para conectar a los usuarios al servicio.<\/strong><\/li>\n<\/ul>\n<p><strong>El software cuenta con las funcionalidades propias de los procesos de facturaci\u00f3n: captura de informaci\u00f3n, expedici\u00f3n y consulta de facturas y exportaci\u00f3n de datos de facturaci\u00f3n.<\/strong><\/p>\n<p><strong>El software permite gestionar de forma independiente varias facturaciones dentro de \u00e9l (multiempresa), cumpliendo separadamente con la normativa mencionada en el apartado 1.k de esta declaraci\u00f3n responsable para cada una de ellas, como si, en la pr\u00e1ctica, se tratara de sistemas inform\u00e1ticos de facturaci\u00f3n distintos.<\/strong><\/p>\n<p>1.e) Indicaci\u00f3n de si el sistema inform\u00e1tico a que se refiere esta declaraci\u00f3n responsable se ha producido de tal manera que, a los efectos de cumplir con el Reglamento, solo pueda funcionar exclusivamente como \u00abVERI*FACTU\u00bb:<\/p>\n<p><strong>S &#8211; S\u00ed<\/strong><\/p>\n<p>1.f) Indicaci\u00f3n de si el sistema inform\u00e1tico a que se refiere la declaraci\u00f3n responsable permite ser usado por varios obligados tributarios o por un mismo usuario para dar soporte a la facturaci\u00f3n de varios obligados tributarios:<\/p>\n<p><strong>S &#8211; S\u00ed<\/strong><\/p>\n<p>1.g) Tipos de firma utilizados para firmar los registros de facturaci\u00f3n y de evento en el caso de que el sistema inform\u00e1tico a que se refiere esta declaraci\u00f3n responsable no sea utilizado como \u00abVERI*FACTU\u00bb.<\/p>\n<p><strong>Dado que se trata de un producto de facturaci\u00f3n que s\u00f3lo puede ser utilizado en la modalidad \u00abVERI*FACTU\u00bb, no se realiza una firma electr\u00f3nica expresa de los registros de facturaci\u00f3n generados, ya que la normativa considera que quedan firmados al ser remitidos correctamente a los servicios electr\u00f3nicos de la Agencia Tributaria en el momento de emisi\u00f3n de la factura, con la debida autenticaci\u00f3n mediante el adecuado certificado electr\u00f3nico cualificado.<\/strong><\/p>\n<p>1.h) Raz\u00f3n social de la entidad productora del sistema inform\u00e1tico a que se refiere esta declaraci\u00f3n responsable:<\/p>\n<p><strong>R2 Sistemas Inform\u00e1ticos S.L.<\/strong><\/p>\n<p>1.i) N\u00famero de identificaci\u00f3n fiscal (NIF) espa\u00f1ol de la entidad productora del sistema inform\u00e1tico a que se refiere esta declaraci\u00f3n responsable:<\/p>\n<p><strong>B82711078<\/strong><\/p>\n<p>1.j) Direcci\u00f3n postal completa de contacto de la entidad productora del sistema inform\u00e1tico a que se refiere esta declaraci\u00f3n responsable:<\/p>\n<p><strong>Paseo de la Castellana 77.<br \/>\n28046 Madrid.<br \/>\nEspa\u00f1a<\/strong><\/p>\n<p>1.k) Declaraci\u00f3n:<\/p>\n<p><strong>La entidad productora del sistema inform\u00e1tico a que se refiere esta declaraci\u00f3n responsable hace constar que dicho sistema inform\u00e1tico, en la versi\u00f3n indicada en ella (<span style=\"color: #f6402c;\">con el m\u00f3dulo Verifactu activo<\/span>), cumple con lo dispuesto en el art\u00edculo 29.2.j) de la Ley 58\/2003, de 17 de diciembre, General Tributaria, en el Reglamento que establece los requisitos que deben adoptar los sistemas y programas inform\u00e1ticos o electr\u00f3nicos que soporten los procesos de facturaci\u00f3n de empresarios y profesionales, y la estandarizaci\u00f3n de formatos de los registros de facturaci\u00f3n, aprobado por el Real Decreto 1007\/2023, de 5 de diciembre, en la Orden HAC\/1177\/2024, de 17 de octubre, y en la sede electr\u00f3nica de la Agencia Estatal de Administraci\u00f3n Tributaria para todo aquello que complete las especificaciones de dicha orden.<\/strong><\/p>\n<p>1.l) &#8211; Fecha en que la entidad productora de este sistema inform\u00e1tico suscribe esta declaraci\u00f3n responsable del mismo:<\/p>\n<p><strong>23 de junio de 2025.<\/strong><\/p>\n<p>&#8211; Lugar en que la entidad productora de este sistema inform\u00e1tico suscribe esta declaraci\u00f3n responsable del mismo:<\/p>\n<p><strong>Madrid \u2013 Espa\u00f1a.<\/strong><\/p>\n<p>ANEXO<\/p>\n<p>2.a) Otras formas de contacto con la entidad productora del sistema inform\u00e1tico a que se refiere esta declaraci\u00f3n responsable:<\/p>\n<p><strong>&#8211; Tel\u00e9fono: 916629555<\/strong><\/p>\n<p><strong>&#8211; Correo electr\u00f3nico: info@r2docuo.com<\/strong><\/p>\n<p>2.b) Direcciones de internet de la entidad productora del sistema inform\u00e1tico a que se refiere esta declaraci\u00f3n responsable:<\/p>\n<p><a rel=\"nofollow noopener\" href=\"https:\/\/www.r2docuo.com\/\"><strong>https:\/\/www.r2docuo.com\/<\/strong><\/a><\/p>\n<p><a rel=\"nofollow noopener\" href=\"https:\/\/www.r2metro.com\/\"><strong>https:\/\/www.r2metro.com\/<\/strong><\/a><\/p>\n<p><a rel=\"nofollow noopener\" href=\"https:\/\/www.r2mando.com\/\"><strong>https:\/\/www.r2mando.com\/<\/strong><\/a><\/p>\n<p><strong>Acceso al hist\u00f3rico de declaraciones responsables de las versiones de este producto:<\/strong><\/p>\n<p><strong>No existen<\/strong><\/p>\n<p>2.c) El sistema inform\u00e1tico a que se refiere esta declaraci\u00f3n responsable cumple las diferentes especificaciones t\u00e9cnicas y funcionales contenidas en la Orden AC\/1177\/2024, de 17 de octubre, y en la sede electr\u00f3nica de la Agencia Estatal de Administraci\u00f3n tributaria para todo aquello que complete las especificaciones de dicha orden, de la siguiente manera:<\/p>\n<p><strong>&#8211; Empleo de la tecnolog\u00eda transaccional del sistema gestor de base de datos utilizado para lograr la consolidaci\u00f3n, en una sola unidad transaccional, de la expedici\u00f3n de la factura, la generaci\u00f3n del registro de facturaci\u00f3n correspondiente y su remisi\u00f3n a los servidores de la AEAT.<\/strong><\/p>\n<p><strong>&#8211; Existe una forma especial de acceso que solo muetra informaci\u00f3n con trascendencia tributaria, ocultando o impidiendo el acceso a la posible informaci\u00f3n confidencial de car\u00e1cter no patrimonial, de forma que, si as\u00ed se solicita, la Administraci\u00f3n tributaria pueda acceder directamente a la consulta y al resto de funcionalidades exigidas sobre la informaci\u00f3n de los registros de facturaci\u00f3n y de eventos.\u00a0<\/strong><\/p>\n","protected":false},"excerpt":{"rendered":"<p>1.a) Nombre de los sistemas inform\u00e1ticos a los que se refiere esta declaraci\u00f3n responsable: R2 Docuo Enterprise Edition con el m\u00f3dulo Verifactu activo* R2 Docuo Business Edition con el m\u00f3dulo Verifactu activo* R2 Metro con el m\u00f3dulo Verifactu activo* R2 Mando con el m\u00f3dulo Verifactu activo* * Los sistemas R2 Docuo, R2 Metro y R2&#8230;<\/p>\n","protected":false},"author":2,"featured_media":0,"parent":0,"menu_order":0,"comment_status":"closed","ping_status":"closed","template":"","meta":{"_acf_changed":false,"inline_featured_image":false,"footnotes":""},"class_list":["post-6198","page","type-page","status-publish","hentry"],"acf":[],"yoast_head":"<!-- This site is optimized with the Yoast SEO Premium plugin v27.5 (Yoast SEO v27.6) - https:\/\/yoast.com\/product\/yoast-seo-premium-wordpress\/ -->\n<title>Legal - Declaraci\u00f3n Responsable Verifactu - R2 Docuo<\/title>\n<meta name=\"robots\" content=\"index, follow, max-snippet:-1, max-image-preview:large, max-video-preview:-1\" \/>\n<link rel=\"canonical\" href=\"https:\/\/www.r2docuo.com\/es\/declaracion-responsable-verifactu\" \/>\n<meta property=\"og:locale\" content=\"es_ES\" \/>\n<meta property=\"og:type\" content=\"article\" \/>\n<meta property=\"og:title\" content=\"Legal - Declaraci\u00f3n Responsable Verifactu\" \/>\n<meta property=\"og:description\" content=\"1.a) Nombre de los sistemas inform\u00e1ticos a los que se refiere esta declaraci\u00f3n responsable: R2 Docuo Enterprise Edition con el m\u00f3dulo Verifactu activo* R2 Docuo Business Edition con el m\u00f3dulo Verifactu activo* R2 Metro con el m\u00f3dulo Verifactu activo* R2 Mando con el m\u00f3dulo Verifactu activo* * Los sistemas R2 Docuo, R2 Metro y R2...\" \/>\n<meta property=\"og:url\" content=\"https:\/\/www.r2docuo.com\/es\/declaracion-responsable-verifactu\" \/>\n<meta property=\"og:site_name\" content=\"R2 Docuo\" \/>\n<meta property=\"article:modified_time\" content=\"2026-02-19T13:25:40+00:00\" \/>\n<meta property=\"og:image\" content=\"https:\/\/www.r2docuo.com\/es\/wp-content\/uploads\/sites\/3\/2023\/04\/ULIDEST_GENERICA.png\" \/>\n\t<meta property=\"og:image:width\" content=\"1200\" \/>\n\t<meta property=\"og:image:height\" content=\"630\" \/>\n\t<meta property=\"og:image:type\" content=\"image\/png\" \/>\n<meta name=\"twitter:card\" content=\"summary_large_image\" \/>\n<meta name=\"twitter:site\" content=\"@r2docuo\" \/>\n<meta name=\"twitter:label1\" content=\"Tiempo de lectura\" \/>\n\t<meta name=\"twitter:data1\" content=\"5 minutos\" \/>\n<!-- \/ Yoast SEO Premium plugin. -->","yoast_head_json":{"title":"Legal - Declaraci\u00f3n Responsable Verifactu - R2 Docuo","robots":{"index":"index","follow":"follow","max-snippet":"max-snippet:-1","max-image-preview":"max-image-preview:large","max-video-preview":"max-video-preview:-1"},"canonical":"https:\/\/www.r2docuo.com\/es\/declaracion-responsable-verifactu","og_locale":"es_ES","og_type":"article","og_title":"Legal - Declaraci\u00f3n Responsable Verifactu","og_description":"1.a) Nombre de los sistemas inform\u00e1ticos a los que se refiere esta declaraci\u00f3n responsable: R2 Docuo Enterprise Edition con el m\u00f3dulo Verifactu activo* R2 Docuo Business Edition con el m\u00f3dulo Verifactu activo* R2 Metro con el m\u00f3dulo Verifactu activo* R2 Mando con el m\u00f3dulo Verifactu activo* * Los sistemas R2 Docuo, R2 Metro y R2...","og_url":"https:\/\/www.r2docuo.com\/es\/declaracion-responsable-verifactu","og_site_name":"R2 Docuo","article_modified_time":"2026-02-19T13:25:40+00:00","og_image":[{"width":1200,"height":630,"url":"https:\/\/www.r2docuo.com\/es\/wp-content\/uploads\/sites\/3\/2023\/04\/ULIDEST_GENERICA.png","type":"image\/png"}],"twitter_card":"summary_large_image","twitter_site":"@r2docuo","twitter_misc":{"Tiempo de lectura":"5 minutos"},"schema":{"@context":"https:\/\/schema.org","@graph":[{"@type":"WebPage","@id":"https:\/\/www.r2docuo.com\/es\/declaracion-responsable-verifactu","url":"https:\/\/www.r2docuo.com\/es\/declaracion-responsable-verifactu","name":"Legal - Declaraci\u00f3n Responsable Verifactu - R2 Docuo","isPartOf":{"@id":"https:\/\/www.r2docuo.com\/es\/#website"},"datePublished":"2025-12-04T08:14:45+00:00","dateModified":"2026-02-19T13:25:40+00:00","breadcrumb":{"@id":"https:\/\/www.r2docuo.com\/es\/declaracion-responsable-verifactu#breadcrumb"},"inLanguage":"es","potentialAction":[{"@type":"ReadAction","target":["https:\/\/www.r2docuo.com\/es\/declaracion-responsable-verifactu"]}]},{"@type":"BreadcrumbList","@id":"https:\/\/www.r2docuo.com\/es\/declaracion-responsable-verifactu#breadcrumb","itemListElement":[{"@type":"ListItem","position":1,"name":"Portada","item":"https:\/\/www.r2docuo.com\/es\/"},{"@type":"ListItem","position":2,"name":"Legal &#8211; Declaraci\u00f3n Responsable Verifactu"}]},{"@type":"WebSite","@id":"https:\/\/www.r2docuo.com\/es\/#website","url":"https:\/\/www.r2docuo.com\/es\/","name":"R2 Docuo","description":"ES","publisher":{"@id":"https:\/\/www.r2docuo.com\/es\/#organization"},"alternateName":"Docuo","potentialAction":[{"@type":"SearchAction","target":{"@type":"EntryPoint","urlTemplate":"https:\/\/www.r2docuo.com\/es\/?s={search_term_string}"},"query-input":{"@type":"PropertyValueSpecification","valueRequired":true,"valueName":"search_term_string"}}],"inLanguage":"es"},{"@type":"Organization","@id":"https:\/\/www.r2docuo.com\/es\/#organization","name":"Docuo","url":"https:\/\/www.r2docuo.com\/es\/","logo":{"@type":"ImageObject","inLanguage":"es","@id":"https:\/\/www.r2docuo.com\/es\/#\/schema\/logo\/image\/","url":"https:\/\/www.r2docuo.com\/es\/wp-content\/uploads\/sites\/3\/2023\/01\/logoR2Docuo-520.png","contentUrl":"https:\/\/www.r2docuo.com\/es\/wp-content\/uploads\/sites\/3\/2023\/01\/logoR2Docuo-520.png","width":520,"height":192,"caption":"Docuo"},"image":{"@id":"https:\/\/www.r2docuo.com\/es\/#\/schema\/logo\/image\/"},"sameAs":["https:\/\/x.com\/r2docuo","https:\/\/www.linkedin.com\/company\/r2docuo","https:\/\/www.instagram.com\/r2docuo","https:\/\/www.youtube.com\/@r2docuo"]}]}},"_links":{"self":[{"href":"https:\/\/www.r2docuo.com\/es\/wp-json\/wp\/v2\/pages\/6198","targetHints":{"allow":["GET"]}}],"collection":[{"href":"https:\/\/www.r2docuo.com\/es\/wp-json\/wp\/v2\/pages"}],"about":[{"href":"https:\/\/www.r2docuo.com\/es\/wp-json\/wp\/v2\/types\/page"}],"author":[{"embeddable":true,"href":"https:\/\/www.r2docuo.com\/es\/wp-json\/wp\/v2\/users\/2"}],"replies":[{"embeddable":true,"href":"https:\/\/www.r2docuo.com\/es\/wp-json\/wp\/v2\/comments?post=6198"}],"version-history":[{"count":0,"href":"https:\/\/www.r2docuo.com\/es\/wp-json\/wp\/v2\/pages\/6198\/revisions"}],"wp:attachment":[{"href":"https:\/\/www.r2docuo.com\/es\/wp-json\/wp\/v2\/media?parent=6198"}],"curies":[{"name":"wp","href":"https:\/\/api.w.org\/{rel}","templated":true}]}}