{"id":6202,"date":"2025-06-23T13:04:29","date_gmt":"2025-06-23T12:04:29","guid":{"rendered":"https:\/\/www.r2docuo.com\/es\/?page_id=6202"},"modified":"2025-10-06T09:42:29","modified_gmt":"2025-10-06T08:42:29","slug":"contratos-ia-caja-fuerte","status":"publish","type":"page","link":"https:\/\/www.r2docuo.com\/es\/contratos-ia-caja-fuerte","title":{"rendered":"Contratos (IA) &#8211; Caja fuerte"},"content":{"rendered":"","protected":false},"excerpt":{"rendered":"","protected":false},"author":2,"featured_media":0,"parent":0,"menu_order":0,"comment_status":"closed","ping_status":"closed","template":"page-ps-dynamic-content.php","meta":{"_acf_changed":false,"inline_featured_image":false,"footnotes":""},"class_list":["post-6202","page","type-page","status-publish","hentry"],"acf":[],"yoast_head":"<!-- This site is optimized with the Yoast SEO Premium plugin v27.4 (Yoast SEO v27.4) - https:\/\/yoast.com\/product\/yoast-seo-premium-wordpress\/ -->\n<title>Software de gesti\u00f3n de contratos con IA - Caja fuerte<\/title>\n<meta name=\"description\" content=\"Organiza y analiza autom\u00e1ticamente todos tus contratos, no olvides ning\u00fan vencimiento, revisi\u00f3n o vencimiento y detecta cl\u00e1usulas clave.\" \/>\n<meta name=\"robots\" content=\"index, follow, max-snippet:-1, max-image-preview:large, max-video-preview:-1\" \/>\n<link rel=\"canonical\" href=\"https:\/\/www.r2docuo.com\/es\/contratos-ia-caja-fuerte\" \/>\n<meta property=\"og:locale\" content=\"es_ES\" \/>\n<meta property=\"og:type\" content=\"article\" \/>\n<meta property=\"og:title\" content=\"Contratos (IA) - Caja fuerte\" \/>\n<meta property=\"og:description\" content=\"Organiza y analiza autom\u00e1ticamente todos tus contratos, no olvides ning\u00fan vencimiento, revisi\u00f3n o vencimiento y detecta cl\u00e1usulas clave.\" \/>\n<meta property=\"og:url\" content=\"https:\/\/www.r2docuo.com\/es\/contratos-ia-caja-fuerte\" \/>\n<meta property=\"og:site_name\" content=\"R2 Docuo\" \/>\n<meta property=\"article:modified_time\" content=\"2025-10-06T08:42:29+00:00\" \/>\n<meta property=\"og:image\" content=\"https:\/\/www.r2docuo.com\/es\/wp-content\/uploads\/sites\/3\/2023\/04\/ULIDEST_GENERICA.png\" \/>\n\t<meta property=\"og:image:width\" content=\"1200\" \/>\n\t<meta property=\"og:image:height\" content=\"630\" \/>\n\t<meta property=\"og:image:type\" content=\"image\/png\" \/>\n<meta name=\"twitter:card\" content=\"summary_large_image\" \/>\n<meta name=\"twitter:description\" content=\"Organiza y analiza autom\u00e1ticamente todos tus contratos, no olvides ning\u00fan vencimiento, revisi\u00f3n o vencimiento y detecta cl\u00e1usulas clave.\" \/>\n<meta name=\"twitter:site\" content=\"@r2docuo\" \/>\n<meta name=\"twitter:label1\" content=\"Tiempo de lectura\" \/>\n\t<meta name=\"twitter:data1\" content=\"2 minutos\" \/>\n<!-- \/ Yoast SEO Premium plugin. -->","yoast_head_json":{"title":"Software de gesti\u00f3n de contratos con IA - Caja fuerte","description":"Organiza y analiza autom\u00e1ticamente todos tus contratos, no olvides ning\u00fan vencimiento, revisi\u00f3n o vencimiento y detecta cl\u00e1usulas clave.","robots":{"index":"index","follow":"follow","max-snippet":"max-snippet:-1","max-image-preview":"max-image-preview:large","max-video-preview":"max-video-preview:-1"},"canonical":"https:\/\/www.r2docuo.com\/es\/contratos-ia-caja-fuerte","og_locale":"es_ES","og_type":"article","og_title":"Contratos (IA) - Caja fuerte","og_description":"Organiza y analiza autom\u00e1ticamente todos tus contratos, no olvides ning\u00fan vencimiento, revisi\u00f3n o vencimiento y detecta cl\u00e1usulas clave.","og_url":"https:\/\/www.r2docuo.com\/es\/contratos-ia-caja-fuerte","og_site_name":"R2 Docuo","article_modified_time":"2025-10-06T08:42:29+00:00","og_image":[{"width":1200,"height":630,"url":"https:\/\/www.r2docuo.com\/es\/wp-content\/uploads\/sites\/3\/2023\/04\/ULIDEST_GENERICA.png","type":"image\/png"}],"twitter_card":"summary_large_image","twitter_description":"Organiza y analiza autom\u00e1ticamente todos tus contratos, no olvides ning\u00fan vencimiento, revisi\u00f3n o vencimiento y detecta cl\u00e1usulas clave.","twitter_site":"@r2docuo","twitter_misc":{"Tiempo de lectura":"2 minutos"},"schema":{"@context":"https:\/\/schema.org","@graph":[{"@type":"WebPage","@id":"https:\/\/www.r2docuo.com\/es\/contratos-ia-caja-fuerte","url":"https:\/\/www.r2docuo.com\/es\/contratos-ia-caja-fuerte","name":"Software de gesti\u00f3n de contratos con IA - Caja fuerte","isPartOf":{"@id":"https:\/\/www.r2docuo.com\/es\/#website"},"datePublished":"2025-06-23T12:04:29+00:00","dateModified":"2025-10-06T08:42:29+00:00","description":"Organiza y analiza autom\u00e1ticamente todos tus contratos, no olvides ning\u00fan vencimiento, revisi\u00f3n o vencimiento y detecta cl\u00e1usulas clave.","breadcrumb":{"@id":"https:\/\/www.r2docuo.com\/es\/contratos-ia-caja-fuerte#breadcrumb"},"inLanguage":"es","potentialAction":[{"@type":"ReadAction","target":["https:\/\/www.r2docuo.com\/es\/contratos-ia-caja-fuerte"]}]},{"@type":"BreadcrumbList","@id":"https:\/\/www.r2docuo.com\/es\/contratos-ia-caja-fuerte#breadcrumb","itemListElement":[{"@type":"ListItem","position":1,"name":"Portada","item":"https:\/\/www.r2docuo.com\/es\/"},{"@type":"ListItem","position":2,"name":"Contratos (IA) &#8211; Caja fuerte"}]},{"@type":"WebSite","@id":"https:\/\/www.r2docuo.com\/es\/#website","url":"https:\/\/www.r2docuo.com\/es\/","name":"R2 Docuo","description":"ES","publisher":{"@id":"https:\/\/www.r2docuo.com\/es\/#organization"},"alternateName":"Docuo","potentialAction":[{"@type":"SearchAction","target":{"@type":"EntryPoint","urlTemplate":"https:\/\/www.r2docuo.com\/es\/?s={search_term_string}"},"query-input":{"@type":"PropertyValueSpecification","valueRequired":true,"valueName":"search_term_string"}}],"inLanguage":"es"},{"@type":"Organization","@id":"https:\/\/www.r2docuo.com\/es\/#organization","name":"Docuo","url":"https:\/\/www.r2docuo.com\/es\/","logo":{"@type":"ImageObject","inLanguage":"es","@id":"https:\/\/www.r2docuo.com\/es\/#\/schema\/logo\/image\/","url":"https:\/\/www.r2docuo.com\/es\/wp-content\/uploads\/sites\/3\/2023\/01\/logoR2Docuo-520.png","contentUrl":"https:\/\/www.r2docuo.com\/es\/wp-content\/uploads\/sites\/3\/2023\/01\/logoR2Docuo-520.png","width":520,"height":192,"caption":"Docuo"},"image":{"@id":"https:\/\/www.r2docuo.com\/es\/#\/schema\/logo\/image\/"},"sameAs":["https:\/\/x.com\/r2docuo","https:\/\/www.linkedin.com\/company\/r2docuo","https:\/\/www.instagram.com\/r2docuo","https:\/\/www.youtube.com\/@r2docuo"]}]}},"_links":{"self":[{"href":"https:\/\/www.r2docuo.com\/es\/wp-json\/wp\/v2\/pages\/6202","targetHints":{"allow":["GET"]}}],"collection":[{"href":"https:\/\/www.r2docuo.com\/es\/wp-json\/wp\/v2\/pages"}],"about":[{"href":"https:\/\/www.r2docuo.com\/es\/wp-json\/wp\/v2\/types\/page"}],"author":[{"embeddable":true,"href":"https:\/\/www.r2docuo.com\/es\/wp-json\/wp\/v2\/users\/2"}],"replies":[{"embeddable":true,"href":"https:\/\/www.r2docuo.com\/es\/wp-json\/wp\/v2\/comments?post=6202"}],"version-history":[{"count":0,"href":"https:\/\/www.r2docuo.com\/es\/wp-json\/wp\/v2\/pages\/6202\/revisions"}],"wp:attachment":[{"href":"https:\/\/www.r2docuo.com\/es\/wp-json\/wp\/v2\/media?parent=6202"}],"curies":[{"name":"wp","href":"https:\/\/api.w.org\/{rel}","templated":true}]}}